{"id":110,"date":"2022-11-16T19:25:24","date_gmt":"2022-11-16T18:25:24","guid":{"rendered":"http:\/\/andreaemerit.fr\/?page_id=110"},"modified":"2024-09-20T19:05:55","modified_gmt":"2024-09-20T17:05:55","slug":"galerie-photo","status":"publish","type":"page","link":"https:\/\/andreaemerit.fr\/index.php\/galerie-photo\/","title":{"rendered":"Voyages &amp; Vacances"},"content":{"rendered":"\t\t<div data-elementor-type=\"wp-page\" data-elementor-id=\"110\" class=\"elementor elementor-110\">\n\t\t\t\t\t\t<section class=\"elementor-section elementor-top-section elementor-element elementor-element-2bef914 elementor-section-full_width elementor-section-stretched elementor-section-height-default elementor-section-height-default\" data-id=\"2bef914\" data-element_type=\"section\" data-e-type=\"section\" data-settings=\"{&quot;stretch_section&quot;:&quot;section-stretched&quot;,&quot;animation&quot;:&quot;none&quot;}\">\n\t\t\t\t\t\t<div class=\"elementor-container elementor-column-gap-no\">\n\t\t\t\t\t<div class=\"elementor-column elementor-col-100 elementor-top-column elementor-element elementor-element-53b1993\" data-id=\"53b1993\" data-element_type=\"column\" data-e-type=\"column\">\n\t\t\t<div class=\"elementor-widget-wrap elementor-element-populated\">\n\t\t\t\t\t\t<div class=\"elementor-element elementor-element-c019673 elementor-arrows-position-inside elementor-pagination-position-outside elementor-widget elementor-widget-image-carousel\" data-id=\"c019673\" data-element_type=\"widget\" data-e-type=\"widget\" data-settings=\"{&quot;navigation&quot;:&quot;both&quot;,&quot;autoplay&quot;:&quot;yes&quot;,&quot;pause_on_hover&quot;:&quot;yes&quot;,&quot;pause_on_interaction&quot;:&quot;yes&quot;,&quot;autoplay_speed&quot;:5000,&quot;infinite&quot;:&quot;yes&quot;,&quot;speed&quot;:500}\" data-widget_type=\"image-carousel.default\">\n\t\t\t\t<div class=\"elementor-widget-container\">\n\t\t\t\t\t\t\t<div class=\"elementor-image-carousel-wrapper swiper\" role=\"region\" aria-roledescription=\"carousel\" aria-label=\"Image Carousel\" dir=\"ltr\">\n\t\t\t<div class=\"elementor-image-carousel swiper-wrapper\" aria-live=\"off\">\n\t\t\t\t\t\t\t\t<div class=\"swiper-slide\" role=\"group\" aria-roledescription=\"slide\" aria-label=\"1 of 15\"><figure class=\"swiper-slide-inner\"><img decoding=\"async\" class=\"swiper-slide-image\" src=\"https:\/\/andreaemerit.fr\/wp-content\/uploads\/2022\/11\/Scotland_J1-41-scaled.jpg\" alt=\"Dean Village\" \/><\/figure><\/div><div class=\"swiper-slide\" role=\"group\" aria-roledescription=\"slide\" aria-label=\"2 of 15\"><figure class=\"swiper-slide-inner\"><img decoding=\"async\" class=\"swiper-slide-image\" src=\"https:\/\/andreaemerit.fr\/wp-content\/uploads\/2022\/11\/Scotland_J1-34-scaled.jpg\" alt=\"L&#039;un des plus vieux quartiers de la ville\" \/><\/figure><\/div><div class=\"swiper-slide\" role=\"group\" aria-roledescription=\"slide\" aria-label=\"3 of 15\"><figure class=\"swiper-slide-inner\"><img decoding=\"async\" class=\"swiper-slide-image\" src=\"https:\/\/andreaemerit.fr\/wp-content\/uploads\/2022\/11\/Scotland_J1-29-scaled.jpg\" alt=\"Parc d&#039;Edimbourg - ch\u00e2teau\" \/><\/figure><\/div><div class=\"swiper-slide\" role=\"group\" aria-roledescription=\"slide\" aria-label=\"4 of 15\"><figure class=\"swiper-slide-inner\"><img decoding=\"async\" class=\"swiper-slide-image\" src=\"https:\/\/andreaemerit.fr\/wp-content\/uploads\/2022\/11\/Scotland_J1-16-scaled.jpg\" alt=\"la rue qui a inspir\u00e9 le chemin de traverse - Harry Potter\" \/><\/figure><\/div><div class=\"swiper-slide\" role=\"group\" aria-roledescription=\"slide\" aria-label=\"5 of 15\"><figure class=\"swiper-slide-inner\"><img decoding=\"async\" class=\"swiper-slide-image\" src=\"https:\/\/andreaemerit.fr\/wp-content\/uploads\/2023\/02\/Sisikon-150-scaled.jpg\" alt=\"Gruy\u00e8re\" \/><\/figure><\/div><div class=\"swiper-slide\" role=\"group\" aria-roledescription=\"slide\" aria-label=\"6 of 15\"><figure class=\"swiper-slide-inner\"><img decoding=\"async\" class=\"swiper-slide-image\" src=\"https:\/\/andreaemerit.fr\/wp-content\/uploads\/2023\/02\/Sisikon-105-scaled.jpg\" alt=\"Raquettes \u00e0 Silenen\" \/><\/figure><\/div><div class=\"swiper-slide\" role=\"group\" aria-roledescription=\"slide\" aria-label=\"7 of 15\"><figure class=\"swiper-slide-inner\"><img decoding=\"async\" class=\"swiper-slide-image\" src=\"https:\/\/andreaemerit.fr\/wp-content\/uploads\/2023\/02\/Sisikon-97-scaled.jpg\" alt=\"Raquettes \u00e0 Silenen\" \/><\/figure><\/div><div class=\"swiper-slide\" role=\"group\" aria-roledescription=\"slide\" aria-label=\"8 of 15\"><figure class=\"swiper-slide-inner\"><img decoding=\"async\" class=\"swiper-slide-image\" src=\"https:\/\/andreaemerit.fr\/wp-content\/uploads\/2023\/02\/Sisikon-33-scaled.jpg\" alt=\"Raquettes \u00e0 Schattdorf\" \/><\/figure><\/div><div class=\"swiper-slide\" role=\"group\" aria-roledescription=\"slide\" aria-label=\"9 of 15\"><figure class=\"swiper-slide-inner\"><img decoding=\"async\" class=\"swiper-slide-image\" src=\"https:\/\/andreaemerit.fr\/wp-content\/uploads\/2023\/04\/Glycines-36-scaled.jpg\" alt=\"\" \/><\/figure><\/div><div class=\"swiper-slide\" role=\"group\" aria-roledescription=\"slide\" aria-label=\"10 of 15\"><figure class=\"swiper-slide-inner\"><img decoding=\"async\" class=\"swiper-slide-image\" src=\"https:\/\/andreaemerit.fr\/wp-content\/uploads\/2023\/04\/Glycines-3-scaled.jpg\" alt=\"\" \/><\/figure><\/div><div class=\"swiper-slide\" role=\"group\" aria-roledescription=\"slide\" aria-label=\"11 of 15\"><figure class=\"swiper-slide-inner\"><img decoding=\"async\" class=\"swiper-slide-image\" src=\"https:\/\/andreaemerit.fr\/wp-content\/uploads\/2023\/04\/Glycines-5-scaled.jpg\" alt=\"\" \/><\/figure><\/div><div class=\"swiper-slide\" role=\"group\" aria-roledescription=\"slide\" aria-label=\"12 of 15\"><figure class=\"swiper-slide-inner\"><img decoding=\"async\" class=\"swiper-slide-image\" src=\"https:\/\/andreaemerit.fr\/wp-content\/uploads\/2023\/08\/2-Jardin-Alpin-42-scaled.jpg\" alt=\"2- Jardin Alpin-42\" \/><\/figure><\/div><div class=\"swiper-slide\" role=\"group\" aria-roledescription=\"slide\" aria-label=\"13 of 15\"><figure class=\"swiper-slide-inner\"><img decoding=\"async\" class=\"swiper-slide-image\" src=\"https:\/\/andreaemerit.fr\/wp-content\/uploads\/2023\/08\/3-Mondial-escalade-8.jpg\" alt=\"3- Mondial escalade-8\" \/><\/figure><\/div><div class=\"swiper-slide\" role=\"group\" aria-roledescription=\"slide\" aria-label=\"14 of 15\"><figure class=\"swiper-slide-inner\"><img decoding=\"async\" class=\"swiper-slide-image\" src=\"https:\/\/andreaemerit.fr\/wp-content\/uploads\/2023\/08\/4-Feu-artifice-5-scaled.jpg\" alt=\"4- Feu artifice-5\" \/><\/figure><\/div><div class=\"swiper-slide\" role=\"group\" aria-roledescription=\"slide\" aria-label=\"15 of 15\"><figure class=\"swiper-slide-inner\"><img decoding=\"async\" class=\"swiper-slide-image\" src=\"https:\/\/andreaemerit.fr\/wp-content\/uploads\/2023\/08\/5-Lac-dOrceyrette-3-scaled.jpg\" alt=\"5- Lac d&#039;Orceyrette-3\" \/><\/figure><\/div>\t\t\t<\/div>\n\t\t\t\t\t\t\t\t\t\t\t\t<div class=\"elementor-swiper-button elementor-swiper-button-prev\" role=\"button\" tabindex=\"0\">\n\t\t\t\t\t\t<i aria-hidden=\"true\" class=\"eicon-chevron-left\"><\/i>\t\t\t\t\t<\/div>\n\t\t\t\t\t<div class=\"elementor-swiper-button elementor-swiper-button-next\" role=\"button\" tabindex=\"0\">\n\t\t\t\t\t\t<i aria-hidden=\"true\" class=\"eicon-chevron-right\"><\/i>\t\t\t\t\t<\/div>\n\t\t\t\t\n\t\t\t\t\t\t\t\t\t<div class=\"swiper-pagination\"><\/div>\n\t\t\t\t\t\t\t\t\t<\/div>\n\t\t\t\t\t\t<\/div>\n\t\t\t\t<\/div>\n\t\t\t\t\t<\/div>\n\t\t<\/div>\n\t\t\t\t\t<\/div>\n\t\t<\/section>\n\t\t\t\t<section class=\"elementor-section elementor-top-section elementor-element elementor-element-b8b5dbf elementor-section-boxed elementor-section-height-default elementor-section-height-default\" data-id=\"b8b5dbf\" data-element_type=\"section\" data-e-type=\"section\">\n\t\t\t\t\t\t<div class=\"elementor-container elementor-column-gap-default\">\n\t\t\t\t\t<div class=\"elementor-column elementor-col-100 elementor-top-column elementor-element elementor-element-aecbfe1\" data-id=\"aecbfe1\" data-element_type=\"column\" data-e-type=\"column\">\n\t\t\t<div class=\"elementor-widget-wrap elementor-element-populated\">\n\t\t\t\t\t\t<div class=\"elementor-element elementor-element-4596fdb elementor-widget-divider--view-line elementor-widget elementor-widget-divider\" data-id=\"4596fdb\" data-element_type=\"widget\" data-e-type=\"widget\" data-widget_type=\"divider.default\">\n\t\t\t\t<div class=\"elementor-widget-container\">\n\t\t\t\t\t\t\t<div class=\"elementor-divider\">\n\t\t\t<span class=\"elementor-divider-separator\">\n\t\t\t\t\t\t<\/span>\n\t\t<\/div>\n\t\t\t\t\t\t<\/div>\n\t\t\t\t<\/div>\n\t\t\t\t\t<\/div>\n\t\t<\/div>\n\t\t\t\t\t<\/div>\n\t\t<\/section>\n\t\t\t\t<section class=\"elementor-section elementor-top-section elementor-element elementor-element-7898fe7 elementor-section-full_width elementor-section-stretched elementor-section-height-default elementor-section-height-default\" data-id=\"7898fe7\" data-element_type=\"section\" data-e-type=\"section\" data-settings=\"{&quot;stretch_section&quot;:&quot;section-stretched&quot;}\">\n\t\t\t\t\t\t<div class=\"elementor-container elementor-column-gap-extended\">\n\t\t\t\t\t<div class=\"elementor-column elementor-col-33 elementor-top-column elementor-element elementor-element-f49d77b\" data-id=\"f49d77b\" data-element_type=\"column\" data-e-type=\"column\">\n\t\t\t<div class=\"elementor-widget-wrap elementor-element-populated\">\n\t\t\t\t\t\t<div class=\"elementor-element elementor-element-a7d3c6a elementor-position-top elementor-widget elementor-widget-image-box\" data-id=\"a7d3c6a\" data-element_type=\"widget\" data-e-type=\"widget\" data-widget_type=\"image-box.default\">\n\t\t\t\t<div class=\"elementor-widget-container\">\n\t\t\t\t\t<div class=\"elementor-image-box-wrapper\"><figure class=\"elementor-image-box-img\"><a href=\"https:\/\/andreaemerit.fr\/index.php\/entre-hautes-alpes-et-provencales\/\" tabindex=\"-1\"><img fetchpriority=\"high\" decoding=\"async\" width=\"2048\" height=\"1536\" src=\"https:\/\/andreaemerit.fr\/wp-content\/uploads\/2024\/09\/Lac-des-grands-Bancs-19.jpg\" class=\"elementor-animation-grow attachment-full size-full wp-image-2172\" alt=\"\" srcset=\"https:\/\/andreaemerit.fr\/wp-content\/uploads\/2024\/09\/Lac-des-grands-Bancs-19.jpg 2048w, https:\/\/andreaemerit.fr\/wp-content\/uploads\/2024\/09\/Lac-des-grands-Bancs-19-300x225.jpg 300w, https:\/\/andreaemerit.fr\/wp-content\/uploads\/2024\/09\/Lac-des-grands-Bancs-19-1024x768.jpg 1024w, https:\/\/andreaemerit.fr\/wp-content\/uploads\/2024\/09\/Lac-des-grands-Bancs-19-2000x1500.jpg 2000w, https:\/\/andreaemerit.fr\/wp-content\/uploads\/2024\/09\/Lac-des-grands-Bancs-19-1536x1152.jpg 1536w\" sizes=\"(max-width: 2048px) 100vw, 2048px\" \/><\/a><\/figure><div class=\"elementor-image-box-content\"><h3 class=\"elementor-image-box-title\"><a href=\"https:\/\/andreaemerit.fr\/index.php\/entre-hautes-alpes-et-provencales\/\">Entre Hautes-Alpes et Proven\u00e7ales<\/a><\/h3><p class=\"elementor-image-box-description\">En cet \u00e9t\u00e9 2024, pas de grands voyages mais nous avons bien profit\u00e9 des Alpes. Entre les Hautes Alpes (Monetier-les-bains) en juin et ao\u00fbt et les Alpes Proven\u00e7ales (Barcelonette) avec un petit d\u00e9tour par le Massif Central (Pilat) on en a pris plein les yeux. <\/p><\/div><\/div>\t\t\t\t<\/div>\n\t\t\t\t<\/div>\n\t\t\t\t\t<\/div>\n\t\t<\/div>\n\t\t\t\t<div class=\"elementor-column elementor-col-33 elementor-top-column elementor-element elementor-element-fa2185b\" data-id=\"fa2185b\" data-element_type=\"column\" data-e-type=\"column\">\n\t\t\t<div class=\"elementor-widget-wrap elementor-element-populated\">\n\t\t\t\t\t\t<div class=\"elementor-element elementor-element-1148a47 elementor-position-top elementor-widget elementor-widget-image-box\" data-id=\"1148a47\" data-element_type=\"widget\" data-e-type=\"widget\" data-widget_type=\"image-box.default\">\n\t\t\t\t<div class=\"elementor-widget-container\">\n\t\t\t\t\t<div class=\"elementor-image-box-wrapper\"><figure class=\"elementor-image-box-img\"><a href=\"http:\/\/andreaemerit.fr\/index.php\/le-haut-plateau-ardechois\/\" tabindex=\"-1\"><img decoding=\"async\" width=\"1920\" height=\"1440\" src=\"https:\/\/andreaemerit.fr\/wp-content\/uploads\/2024\/07\/Haute-Ardeche-mai-2024-34.jpg\" class=\"elementor-animation-grow attachment-full size-full wp-image-1796\" alt=\"\" srcset=\"https:\/\/andreaemerit.fr\/wp-content\/uploads\/2024\/07\/Haute-Ardeche-mai-2024-34.jpg 1920w, https:\/\/andreaemerit.fr\/wp-content\/uploads\/2024\/07\/Haute-Ardeche-mai-2024-34-300x225.jpg 300w, https:\/\/andreaemerit.fr\/wp-content\/uploads\/2024\/07\/Haute-Ardeche-mai-2024-34-1024x768.jpg 1024w, https:\/\/andreaemerit.fr\/wp-content\/uploads\/2024\/07\/Haute-Ardeche-mai-2024-34-1536x1152.jpg 1536w\" sizes=\"(max-width: 1920px) 100vw, 1920px\" \/><\/a><\/figure><div class=\"elementor-image-box-content\"><h3 class=\"elementor-image-box-title\"><a href=\"http:\/\/andreaemerit.fr\/index.php\/le-haut-plateau-ardechois\/\">Le Haut Plateau Adr\u00e9chois<\/a><\/h3><p class=\"elementor-image-box-description\">Au printemps 2024 nous avons profit\u00e9 du cadeau d'un ami pour aller explorer le haut plateau Ard\u00e9chois. Des paysages tr\u00e8s charmants avec ses petites fleurs jaunes qui prolif\u00e8rent sur les blocs de pierres calcaires qui forment le plateau.<\/p><\/div><\/div>\t\t\t\t<\/div>\n\t\t\t\t<\/div>\n\t\t\t\t\t<\/div>\n\t\t<\/div>\n\t\t\t\t<div class=\"elementor-column elementor-col-33 elementor-top-column elementor-element elementor-element-c0d5332\" data-id=\"c0d5332\" data-element_type=\"column\" data-e-type=\"column\">\n\t\t\t<div class=\"elementor-widget-wrap elementor-element-populated\">\n\t\t\t\t\t\t<div class=\"elementor-element elementor-element-acfbcb0 elementor-position-top elementor-widget elementor-widget-image-box\" data-id=\"acfbcb0\" data-element_type=\"widget\" data-e-type=\"widget\" data-widget_type=\"image-box.default\">\n\t\t\t\t<div class=\"elementor-widget-container\">\n\t\t\t\t\t<div class=\"elementor-image-box-wrapper\"><figure class=\"elementor-image-box-img\"><a href=\"http:\/\/andreaemerit.fr\/index.php\/un-ete-pyreneen\/\" tabindex=\"-1\"><img decoding=\"async\" width=\"2560\" height=\"1920\" src=\"https:\/\/andreaemerit.fr\/wp-content\/uploads\/2023\/09\/3-Puig-Peric-68-scaled.jpg\" class=\"elementor-animation-grow attachment-full size-full wp-image-1674\" alt=\"\" srcset=\"https:\/\/andreaemerit.fr\/wp-content\/uploads\/2023\/09\/3-Puig-Peric-68-scaled.jpg 2560w, https:\/\/andreaemerit.fr\/wp-content\/uploads\/2023\/09\/3-Puig-Peric-68-300x225.jpg 300w, https:\/\/andreaemerit.fr\/wp-content\/uploads\/2023\/09\/3-Puig-Peric-68-1024x768.jpg 1024w, https:\/\/andreaemerit.fr\/wp-content\/uploads\/2023\/09\/3-Puig-Peric-68-768x576.jpg 768w, https:\/\/andreaemerit.fr\/wp-content\/uploads\/2023\/09\/3-Puig-Peric-68-1536x1152.jpg 1536w, https:\/\/andreaemerit.fr\/wp-content\/uploads\/2023\/09\/3-Puig-Peric-68-2048x1536.jpg 2048w, https:\/\/andreaemerit.fr\/wp-content\/uploads\/2023\/09\/3-Puig-Peric-68-2000x1500.jpg 2000w\" sizes=\"(max-width: 2560px) 100vw, 2560px\" \/><\/a><\/figure><div class=\"elementor-image-box-content\"><h3 class=\"elementor-image-box-title\"><a href=\"http:\/\/andreaemerit.fr\/index.php\/un-ete-pyreneen\/\">Un \u00e9t\u00e9 Pyr\u00e9n\u00e9en<\/a><\/h3><p class=\"elementor-image-box-description\">Cet \u00e9t\u00e9 2023 \u00e9tait consacr\u00e9 au massif pyr\u00e9n\u00e9en. Nous avons pass\u00e9 un peu plus de deux semaine entre le centre et l'est des Pyr\u00e9n\u00e9es et n'en avons vu qu'un \u00e9chantillon mais les paysages sont splendides et la quantit\u00e9 de lacs est d\u00e9mentielle ! Un petit aper\u00e7u de ces belles montagnes qui rivalisent avec la beaut\u00e9 des Alpes.<\/p><\/div><\/div>\t\t\t\t<\/div>\n\t\t\t\t<\/div>\n\t\t\t\t\t<\/div>\n\t\t<\/div>\n\t\t\t\t\t<\/div>\n\t\t<\/section>\n\t\t\t\t<section class=\"elementor-section elementor-top-section elementor-element elementor-element-7fbf5e1 elementor-section-full_width elementor-section-stretched elementor-section-height-default elementor-section-height-default\" data-id=\"7fbf5e1\" data-element_type=\"section\" data-e-type=\"section\" data-settings=\"{&quot;stretch_section&quot;:&quot;section-stretched&quot;}\">\n\t\t\t\t\t\t<div class=\"elementor-container elementor-column-gap-extended\">\n\t\t\t\t\t<div class=\"elementor-column elementor-col-33 elementor-top-column elementor-element elementor-element-fd399c1\" data-id=\"fd399c1\" data-element_type=\"column\" data-e-type=\"column\">\n\t\t\t<div class=\"elementor-widget-wrap elementor-element-populated\">\n\t\t\t\t\t\t<div class=\"elementor-element elementor-element-7ca2626 elementor-position-top elementor-widget elementor-widget-image-box\" data-id=\"7ca2626\" data-element_type=\"widget\" data-e-type=\"widget\" data-widget_type=\"image-box.default\">\n\t\t\t\t<div class=\"elementor-widget-container\">\n\t\t\t\t\t<div class=\"elementor-image-box-wrapper\"><figure class=\"elementor-image-box-img\"><a href=\"http:\/\/andreaemerit.fr\/index.php\/le-14-juillet-en-montagne\" tabindex=\"-1\"><img loading=\"lazy\" decoding=\"async\" width=\"2560\" height=\"1920\" src=\"https:\/\/andreaemerit.fr\/wp-content\/uploads\/2023\/08\/4-Feu-artifice-5-scaled.jpg\" class=\"elementor-animation-grow attachment-full size-full wp-image-1262\" alt=\"\" srcset=\"https:\/\/andreaemerit.fr\/wp-content\/uploads\/2023\/08\/4-Feu-artifice-5-scaled.jpg 2560w, https:\/\/andreaemerit.fr\/wp-content\/uploads\/2023\/08\/4-Feu-artifice-5-300x225.jpg 300w, https:\/\/andreaemerit.fr\/wp-content\/uploads\/2023\/08\/4-Feu-artifice-5-1024x768.jpg 1024w, https:\/\/andreaemerit.fr\/wp-content\/uploads\/2023\/08\/4-Feu-artifice-5-768x576.jpg 768w, https:\/\/andreaemerit.fr\/wp-content\/uploads\/2023\/08\/4-Feu-artifice-5-1536x1152.jpg 1536w, https:\/\/andreaemerit.fr\/wp-content\/uploads\/2023\/08\/4-Feu-artifice-5-2048x1536.jpg 2048w, https:\/\/andreaemerit.fr\/wp-content\/uploads\/2023\/08\/4-Feu-artifice-5-2000x1500.jpg 2000w\" sizes=\"(max-width: 2560px) 100vw, 2560px\" \/><\/a><\/figure><div class=\"elementor-image-box-content\"><h3 class=\"elementor-image-box-title\"><a href=\"http:\/\/andreaemerit.fr\/index.php\/le-14-juillet-en-montagne\">Un 14 juillet \u00e0 Monetier<\/a><\/h3><p class=\"elementor-image-box-description\">Avec un long weekend de trois jours, on en profite pour aller se r\u00e9fugier au frais dans nos belles Alpes, loin de la chaleur Lyonnaise. Nous y avons retrouv\u00e9 Marie-Pierre et Jacqueline pour un moment convivial autour de petites ballades et du spertacle de la final des mondiaux d'escalade !<\/p><\/div><\/div>\t\t\t\t<\/div>\n\t\t\t\t<\/div>\n\t\t\t\t\t<\/div>\n\t\t<\/div>\n\t\t\t\t<div class=\"elementor-column elementor-col-33 elementor-top-column elementor-element elementor-element-96baec3\" data-id=\"96baec3\" data-element_type=\"column\" data-e-type=\"column\">\n\t\t\t<div class=\"elementor-widget-wrap elementor-element-populated\">\n\t\t\t\t\t\t<div class=\"elementor-element elementor-element-ebc35c0 elementor-position-top elementor-widget elementor-widget-image-box\" data-id=\"ebc35c0\" data-element_type=\"widget\" data-e-type=\"widget\" data-widget_type=\"image-box.default\">\n\t\t\t\t<div class=\"elementor-widget-container\">\n\t\t\t\t\t<div class=\"elementor-image-box-wrapper\"><figure class=\"elementor-image-box-img\"><a href=\"http:\/\/andreaemerit.fr\/index.php\/suisse-hivernale\" tabindex=\"-1\"><img loading=\"lazy\" decoding=\"async\" width=\"2560\" height=\"1920\" src=\"https:\/\/andreaemerit.fr\/wp-content\/uploads\/2023\/02\/Sisikon-50-scaled.jpg\" class=\"elementor-animation-grow attachment-full size-full wp-image-816\" alt=\"\" srcset=\"https:\/\/andreaemerit.fr\/wp-content\/uploads\/2023\/02\/Sisikon-50-scaled.jpg 2560w, https:\/\/andreaemerit.fr\/wp-content\/uploads\/2023\/02\/Sisikon-50-300x225.jpg 300w, https:\/\/andreaemerit.fr\/wp-content\/uploads\/2023\/02\/Sisikon-50-1024x768.jpg 1024w, https:\/\/andreaemerit.fr\/wp-content\/uploads\/2023\/02\/Sisikon-50-768x576.jpg 768w, https:\/\/andreaemerit.fr\/wp-content\/uploads\/2023\/02\/Sisikon-50-1536x1152.jpg 1536w, https:\/\/andreaemerit.fr\/wp-content\/uploads\/2023\/02\/Sisikon-50-2048x1536.jpg 2048w, https:\/\/andreaemerit.fr\/wp-content\/uploads\/2023\/02\/Sisikon-50-2000x1500.jpg 2000w\" sizes=\"(max-width: 2560px) 100vw, 2560px\" \/><\/a><\/figure><div class=\"elementor-image-box-content\"><h3 class=\"elementor-image-box-title\"><a href=\"http:\/\/andreaemerit.fr\/index.php\/suisse-hivernale\">Suisse Hivernale<\/a><\/h3><p class=\"elementor-image-box-description\">Le 15 D\u00e9cembre, nous rejoignons notre acolyte Suisse (K\u00e9vin) pour quelques jours dans les blanches Montagnes Helv\u00e8tes. Direction donc la Suisse Allemande dans la petite commune de Sisikon.<\/p><\/div><\/div>\t\t\t\t<\/div>\n\t\t\t\t<\/div>\n\t\t\t\t\t<\/div>\n\t\t<\/div>\n\t\t\t\t<div class=\"elementor-column elementor-col-33 elementor-top-column elementor-element elementor-element-d1fb657\" data-id=\"d1fb657\" data-element_type=\"column\" data-e-type=\"column\">\n\t\t\t<div class=\"elementor-widget-wrap elementor-element-populated\">\n\t\t\t\t\t\t<div class=\"elementor-element elementor-element-7f7e87d elementor-position-top elementor-widget elementor-widget-image-box\" data-id=\"7f7e87d\" data-element_type=\"widget\" data-e-type=\"widget\" data-widget_type=\"image-box.default\">\n\t\t\t\t<div class=\"elementor-widget-container\">\n\t\t\t\t\t<div class=\"elementor-image-box-wrapper\"><figure class=\"elementor-image-box-img\"><a href=\"http:\/\/andreaemerit.fr\/index.php\/roadtrip-en-ecosse\" tabindex=\"-1\"><img loading=\"lazy\" decoding=\"async\" width=\"2560\" height=\"1920\" src=\"https:\/\/andreaemerit.fr\/wp-content\/uploads\/2022\/11\/Scotland_J6-63-1-scaled.jpg\" class=\"elementor-animation-grow attachment-full size-full wp-image-462\" alt=\"\" srcset=\"https:\/\/andreaemerit.fr\/wp-content\/uploads\/2022\/11\/Scotland_J6-63-1-scaled.jpg 2560w, https:\/\/andreaemerit.fr\/wp-content\/uploads\/2022\/11\/Scotland_J6-63-1-300x225.jpg 300w, https:\/\/andreaemerit.fr\/wp-content\/uploads\/2022\/11\/Scotland_J6-63-1-1024x768.jpg 1024w, https:\/\/andreaemerit.fr\/wp-content\/uploads\/2022\/11\/Scotland_J6-63-1-768x576.jpg 768w, https:\/\/andreaemerit.fr\/wp-content\/uploads\/2022\/11\/Scotland_J6-63-1-1536x1152.jpg 1536w, https:\/\/andreaemerit.fr\/wp-content\/uploads\/2022\/11\/Scotland_J6-63-1-2048x1536.jpg 2048w, https:\/\/andreaemerit.fr\/wp-content\/uploads\/2022\/11\/Scotland_J6-63-1-2000x1500.jpg 2000w\" sizes=\"(max-width: 2560px) 100vw, 2560px\" \/><\/a><\/figure><div class=\"elementor-image-box-content\"><h3 class=\"elementor-image-box-title\"><a href=\"http:\/\/andreaemerit.fr\/index.php\/roadtrip-en-ecosse\">Roadtrip en Ecosse<\/a><\/h3><p class=\"elementor-image-box-description\">Nous voil\u00e0 parties, un groupe de 7 compagnons de voyage, sur les traces de Harry Potter, Jamie Fraser, James Bond, Connor MacLeod et bien d'autres. Pendant 2 semaines nous avons explor\u00e9s les magnifiques terres d'Ecosse et des Highlands<\/p><\/div><\/div>\t\t\t\t<\/div>\n\t\t\t\t<\/div>\n\t\t\t\t\t<\/div>\n\t\t<\/div>\n\t\t\t\t\t<\/div>\n\t\t<\/section>\n\t\t\t\t<section class=\"elementor-section elementor-top-section elementor-element elementor-element-927eddb elementor-section-boxed elementor-section-height-default elementor-section-height-default\" data-id=\"927eddb\" data-element_type=\"section\" data-e-type=\"section\">\n\t\t\t\t\t\t<div class=\"elementor-container elementor-column-gap-default\">\n\t\t\t\t\t<div class=\"elementor-column elementor-col-100 elementor-top-column elementor-element elementor-element-7b23b4d\" data-id=\"7b23b4d\" data-element_type=\"column\" data-e-type=\"column\">\n\t\t\t<div class=\"elementor-widget-wrap elementor-element-populated\">\n\t\t\t\t\t\t<div class=\"elementor-element elementor-element-ed778f6 elementor-widget-divider--view-line elementor-widget elementor-widget-divider\" data-id=\"ed778f6\" data-element_type=\"widget\" data-e-type=\"widget\" data-widget_type=\"divider.default\">\n\t\t\t\t<div class=\"elementor-widget-container\">\n\t\t\t\t\t\t\t<div class=\"elementor-divider\">\n\t\t\t<span class=\"elementor-divider-separator\">\n\t\t\t\t\t\t<\/span>\n\t\t<\/div>\n\t\t\t\t\t\t<\/div>\n\t\t\t\t<\/div>\n\t\t\t\t\t<\/div>\n\t\t<\/div>\n\t\t\t\t\t<\/div>\n\t\t<\/section>\n\t\t\t\t<\/div>\n\t\t","protected":false},"excerpt":{"rendered":"<p>Entre Hautes-Alpes et Proven\u00e7ales En cet \u00e9t\u00e9 2024, pas de grands voyages mais nous avons bien profit\u00e9 des Alpes. Entre les Hautes Alpes (Monetier-les-bains) en juin et ao\u00fbt et les Alpes Proven\u00e7ales (Barcelonette) avec un petit d\u00e9tour par le Massif Central (Pilat) on en a pris plein les yeux. Le Haut Plateau Adr\u00e9chois Au printemps &hellip; <\/p>\n<p class=\"link-more\"><a href=\"https:\/\/andreaemerit.fr\/index.php\/galerie-photo\/\" class=\"more-link\">Read more<span class=\"screen-reader-text\"> &#8220;Voyages &amp; Vacances&#8221;<\/span><\/a><\/p>\n","protected":false},"author":1,"featured_media":0,"parent":0,"menu_order":0,"comment_status":"closed","ping_status":"closed","template":"","meta":{"inspiro_hide_title":false,"footnotes":""},"class_list":["post-110","page","type-page","status-publish","hentry"],"_links":{"self":[{"href":"https:\/\/andreaemerit.fr\/index.php\/wp-json\/wp\/v2\/pages\/110","targetHints":{"allow":["GET"]}}],"collection":[{"href":"https:\/\/andreaemerit.fr\/index.php\/wp-json\/wp\/v2\/pages"}],"about":[{"href":"https:\/\/andreaemerit.fr\/index.php\/wp-json\/wp\/v2\/types\/page"}],"author":[{"embeddable":true,"href":"https:\/\/andreaemerit.fr\/index.php\/wp-json\/wp\/v2\/users\/1"}],"replies":[{"embeddable":true,"href":"https:\/\/andreaemerit.fr\/index.php\/wp-json\/wp\/v2\/comments?post=110"}],"version-history":[{"count":83,"href":"https:\/\/andreaemerit.fr\/index.php\/wp-json\/wp\/v2\/pages\/110\/revisions"}],"predecessor-version":[{"id":2215,"href":"https:\/\/andreaemerit.fr\/index.php\/wp-json\/wp\/v2\/pages\/110\/revisions\/2215"}],"wp:attachment":[{"href":"https:\/\/andreaemerit.fr\/index.php\/wp-json\/wp\/v2\/media?parent=110"}],"curies":[{"name":"wp","href":"https:\/\/api.w.org\/{rel}","templated":true}]}}